{"id":1039,"date":"2024-11-22T09:52:51","date_gmt":"2024-11-22T09:52:51","guid":{"rendered":"https:\/\/happymusic.ch\/?page_id=1039"},"modified":"2025-11-01T16:58:21","modified_gmt":"2025-11-01T16:58:21","slug":"bionda-aurora-grotto-band","status":"publish","type":"page","link":"https:\/\/happymusic.ch\/index.php\/bionda-aurora-grotto-band\/","title":{"rendered":"GROTTO BAND"},"content":{"rendered":"<div class=\"wp-block-image\">\n<figure class=\"alignleft\"><img loading=\"lazy\" decoding=\"async\" width=\"351\" height=\"351\" src=\"https:\/\/happymusic.ch\/wp-content\/uploads\/2025\/11\/grotto-band-salamino-e1762016119916.jpg\" alt=\"\" class=\"wp-image-1117\"\/><\/figure><\/div>\n\n\n<p>La Grotto Band nasce al Bionda Aurora, con le invenzioni musicali di Ben Camper, che ha preso spunto e musicato storie e aneddoti, orecchiando subito le voci pi\u00f9 adatte alla sua world insalada, ingredienti cangianti, a volte sospetti. Le canzoni che per anni sono state ritenute impresentabili, possono ora venir riproposte grazie alle nuove tecnologie, per le quali la qualit\u00e0 (scusate il bisticcio) non \u00e8 pi\u00f9 un problema. Buon divertimento!<\/p>\n\n\n\n<p>(Grazie happymusic.ch per l&#8217;ospitalit\u00e0)<\/p>\n\n\n\n<figure class=\"wp-block-audio\"><audio controls src=\"https:\/\/happymusic.ch\/wp-content\/uploads\/2025\/10\/Il-cubo-grotto-band.mp3\"><\/audio><\/figure>\n\n\n\n<div class=\"eStore-product eStore-fancy-wrapper\"><div class=\"eStore-thumbnail\"><a href=\"https:\/\/happymusic.ch\/wp-content\/uploads\/2025\/10\/cubo.jpg\" rel=\"lightbox[Il cubo - Grotto Band]\" title=\"Il cubo - Grotto Band\"><img decoding=\"async\" class=\"thumb-image\" src=\"https:\/\/happymusic.ch\/wp-content\/uploads\/2025\/10\/cubo.jpg\" alt=\"Il cubo - Grotto Band\" \/><\/a><\/div><div class=\"eStore-product-description\"><div class=\"eStore-product-name\">Il cubo - Grotto Band<\/div>Il cubo - Grotto Band - Mp3<div class=\"eStore_price\"><span class=\"eStore_price_label\"><strong>Prezzo: <\/strong><\/span><span class=\"eStore_price_value\">Fr.1.00<\/span><\/div><form method=\"post\" action=\"\" class=\"eStore-button-form eStore-button-form-44\" style=\"display:inline\" onsubmit=\"return ReadForm1(this, 1);\"><div class=\"eStore_variation_top\"><\/div><input type=\"hidden\" name=\"add_qty\" value=\"1\" \/><input type=\"submit\" value=\"Add to Cart\" class=\"eStore_button eStore_add_to_cart_button\" \/><input type=\"hidden\" name=\"estore_product_name\" value=\"Il cubo - Grotto Band\" \/><input type=\"hidden\" name=\"product_name_tmp1\" value=\"Il cubo - Grotto Band\" \/><input type=\"hidden\" name=\"thumbnail_url\" value=\"https:\/\/happymusic.ch\/wp-content\/uploads\/2025\/10\/cubo.jpg\" \/><input type=\"hidden\" name=\"price\" value=\"1.00\" \/><input type=\"hidden\" name=\"price_tmp1\" value=\"1.00\" \/><input type=\"hidden\" name=\"item_number\" value=\"44\" \/><input type=\"hidden\" name=\"shipping\" value=\"\" \/><input type=\"hidden\" name=\"tax\" value=\"\" \/><input type=\"hidden\" name=\"addcart_eStore\" value=\"1\" \/><input type=\"hidden\" name=\"cartLink\" value=\"https:\/\/happymusic.ch\/index.php\/wp-json\/wp\/v2\/pages\/1039\" \/><input type=\"hidden\" name=\"digital_flag\" value=\"1\" \/><\/form><div class=\"eStore_item_added_msg eStore_item_added_msg-44\"><\/div><\/div><\/div>\n\n\n\n<figure class=\"wp-block-audio\"><audio controls src=\"https:\/\/happymusic.ch\/wp-content\/uploads\/2025\/10\/La-torta-grotto-band.mp3\"><\/audio><\/figure>\n\n\n\n<div class=\"eStore-product eStore-fancy-wrapper\"><div class=\"eStore-thumbnail\"><a href=\"https:\/\/happymusic.ch\/wp-content\/uploads\/2025\/10\/gb-torta.jpg\" rel=\"lightbox[La torta - Grotto Band]\" title=\"La torta - Grotto Band\"><img decoding=\"async\" class=\"thumb-image\" src=\"https:\/\/happymusic.ch\/wp-content\/uploads\/2025\/10\/gb-torta.jpg\" alt=\"La torta - Grotto Band\" \/><\/a><\/div><div class=\"eStore-product-description\"><div class=\"eStore-product-name\">La torta - Grotto Band<\/div>La torta - Grotto Band - Mp3<div class=\"eStore_price\"><span class=\"eStore_price_label\"><strong>Prezzo: <\/strong><\/span><span class=\"eStore_price_value\">Fr.1.00<\/span><\/div><form method=\"post\" action=\"\" class=\"eStore-button-form eStore-button-form-43\" style=\"display:inline\" onsubmit=\"return ReadForm1(this, 1);\"><div class=\"eStore_variation_top\"><\/div><input type=\"hidden\" name=\"add_qty\" value=\"1\" \/><input type=\"submit\" value=\"Add to Cart\" class=\"eStore_button eStore_add_to_cart_button\" \/><input type=\"hidden\" name=\"estore_product_name\" value=\"La torta - Grotto Band\" \/><input type=\"hidden\" name=\"product_name_tmp1\" value=\"La torta - Grotto Band\" \/><input type=\"hidden\" name=\"thumbnail_url\" value=\"https:\/\/happymusic.ch\/wp-content\/uploads\/2025\/10\/gb-torta.jpg\" \/><input type=\"hidden\" name=\"price\" value=\"1.00\" \/><input type=\"hidden\" name=\"price_tmp1\" value=\"1.00\" \/><input type=\"hidden\" name=\"item_number\" value=\"43\" \/><input type=\"hidden\" name=\"shipping\" value=\"\" \/><input type=\"hidden\" name=\"tax\" value=\"\" \/><input type=\"hidden\" name=\"addcart_eStore\" value=\"1\" \/><input type=\"hidden\" name=\"cartLink\" value=\"https:\/\/happymusic.ch\/index.php\/wp-json\/wp\/v2\/pages\/1039\" \/><input type=\"hidden\" name=\"digital_flag\" value=\"1\" \/><\/form><div class=\"eStore_item_added_msg eStore_item_added_msg-43\"><\/div><\/div><\/div>\n\n\n\n<figure class=\"wp-block-audio\"><audio controls src=\"https:\/\/happymusic.ch\/wp-content\/uploads\/2025\/07\/canta-la-merla.mp3\"><\/audio><\/figure>\n\n\n\n<div class=\"eStore-product eStore-fancy-wrapper\"><div class=\"eStore-thumbnail\"><a href=\"https:\/\/happymusic.ch\/wp-content\/uploads\/2025\/07\/Cantala-merla.jpg\" rel=\"lightbox[Canta la merla - B.A. Grotto Band]\" title=\"Canta la merla - B.A. Grotto Band\"><img decoding=\"async\" class=\"thumb-image\" src=\"https:\/\/happymusic.ch\/wp-content\/uploads\/2025\/07\/Cantala-merla.jpg\" alt=\"Canta la merla - B.A. Grotto Band\" \/><\/a><\/div><div class=\"eStore-product-description\"><div class=\"eStore-product-name\">Canta la merla - B.A. Grotto Band<\/div>Canta la merla - B.A. Grotto Band - Mp3<div class=\"eStore_price\"><span class=\"eStore_price_label\"><strong>Prezzo: <\/strong><\/span><span class=\"eStore_price_value\">Fr.1.00<\/span><\/div><form method=\"post\" action=\"\" class=\"eStore-button-form eStore-button-form-42\" style=\"display:inline\" onsubmit=\"return ReadForm1(this, 1);\"><div class=\"eStore_variation_top\"><\/div><input type=\"hidden\" name=\"add_qty\" value=\"1\" \/><input type=\"submit\" value=\"Add to Cart\" class=\"eStore_button eStore_add_to_cart_button\" \/><input type=\"hidden\" name=\"estore_product_name\" value=\"Canta la merla - B.A. Grotto Band\" \/><input type=\"hidden\" name=\"product_name_tmp1\" value=\"Canta la merla - B.A. Grotto Band\" \/><input type=\"hidden\" name=\"thumbnail_url\" value=\"https:\/\/happymusic.ch\/wp-content\/uploads\/2025\/07\/Cantala-merla.jpg\" \/><input type=\"hidden\" name=\"price\" value=\"1.00\" \/><input type=\"hidden\" name=\"price_tmp1\" value=\"1.00\" \/><input type=\"hidden\" name=\"item_number\" value=\"42\" \/><input type=\"hidden\" name=\"shipping\" value=\"\" \/><input type=\"hidden\" name=\"tax\" value=\"\" \/><input type=\"hidden\" name=\"addcart_eStore\" value=\"1\" \/><input type=\"hidden\" name=\"cartLink\" value=\"https:\/\/happymusic.ch\/index.php\/wp-json\/wp\/v2\/pages\/1039\" \/><input type=\"hidden\" name=\"digital_flag\" value=\"1\" \/><\/form><div class=\"eStore_item_added_msg eStore_item_added_msg-42\"><\/div><\/div><\/div>\n\n\n\n<figure class=\"wp-block-audio\"><audio controls src=\"https:\/\/happymusic.ch\/wp-content\/uploads\/2025\/07\/Formajino.mp3\"><\/audio><\/figure>\n\n\n\n<div class=\"eStore-product eStore-fancy-wrapper\"><div class=\"eStore-thumbnail\"><a href=\"https:\/\/happymusic.ch\/wp-content\/uploads\/2025\/07\/formajino.jpg\" rel=\"lightbox[Formajino - B.A. Grotto Band]\" title=\"Formajino - B.A. Grotto Band\"><img decoding=\"async\" class=\"thumb-image\" src=\"https:\/\/happymusic.ch\/wp-content\/uploads\/2025\/07\/formajino.jpg\" alt=\"Formajino - B.A. Grotto Band\" \/><\/a><\/div><div class=\"eStore-product-description\"><div class=\"eStore-product-name\">Formajino - B.A. Grotto Band<\/div>Formajino - B.A. Grotto Band - Mp3<div class=\"eStore_price\"><span class=\"eStore_price_label\"><strong>Prezzo: <\/strong><\/span><span class=\"eStore_price_value\">Fr.1.00<\/span><\/div><form method=\"post\" action=\"\" class=\"eStore-button-form eStore-button-form-41\" style=\"display:inline\" onsubmit=\"return ReadForm1(this, 1);\"><div class=\"eStore_variation_top\"><\/div><input type=\"hidden\" name=\"add_qty\" value=\"1\" \/><input type=\"submit\" value=\"Add to Cart\" class=\"eStore_button eStore_add_to_cart_button\" \/><input type=\"hidden\" name=\"estore_product_name\" value=\"Formajino - B.A. Grotto Band\" \/><input type=\"hidden\" name=\"product_name_tmp1\" value=\"Formajino - B.A. Grotto Band\" \/><input type=\"hidden\" name=\"thumbnail_url\" value=\"https:\/\/happymusic.ch\/wp-content\/uploads\/2025\/07\/formajino.jpg\" \/><input type=\"hidden\" name=\"price\" value=\"1.00\" \/><input type=\"hidden\" name=\"price_tmp1\" value=\"1.00\" \/><input type=\"hidden\" name=\"item_number\" value=\"41\" \/><input type=\"hidden\" name=\"shipping\" value=\"\" \/><input type=\"hidden\" name=\"tax\" value=\"\" \/><input type=\"hidden\" name=\"addcart_eStore\" value=\"1\" \/><input type=\"hidden\" name=\"cartLink\" value=\"https:\/\/happymusic.ch\/index.php\/wp-json\/wp\/v2\/pages\/1039\" \/><input type=\"hidden\" name=\"digital_flag\" value=\"1\" \/><\/form><div class=\"eStore_item_added_msg eStore_item_added_msg-41\"><\/div><\/div><\/div>\n\n\n\n<figure class=\"wp-block-audio\"><audio controls src=\"https:\/\/happymusic.ch\/wp-content\/uploads\/2024\/12\/Sembravi-Maradona-28.11.24-14.44.mp3\"><\/audio><\/figure>\n\n\n\n<div class=\"eStore-product eStore-fancy-wrapper\"><div class=\"eStore-thumbnail\"><a href=\"https:\/\/happymusic.ch\/wp-content\/uploads\/2024\/12\/marad.jpg\" rel=\"lightbox[Sembravi Maradona - B.A. Grotto Band]\" title=\"Sembravi Maradona - B.A. Grotto Band\"><img decoding=\"async\" class=\"thumb-image\" src=\"https:\/\/happymusic.ch\/wp-content\/uploads\/2024\/12\/marad.jpg\" alt=\"Sembravi Maradona - B.A. Grotto Band\" \/><\/a><\/div><div class=\"eStore-product-description\"><div class=\"eStore-product-name\">Sembravi Maradona - B.A. Grotto Band<\/div>Sembravi Maradona - B.A. Grotto Band - Mp3<div class=\"eStore_price\"><span class=\"eStore_price_label\"><strong>Prezzo: <\/strong><\/span><span class=\"eStore_price_value\">Fr.1.00<\/span><\/div><form method=\"post\" action=\"\" class=\"eStore-button-form eStore-button-form-38\" style=\"display:inline\" onsubmit=\"return ReadForm1(this, 1);\"><div class=\"eStore_variation_top\"><\/div><input type=\"hidden\" name=\"add_qty\" value=\"1\" \/><input type=\"submit\" value=\"Add to Cart\" class=\"eStore_button eStore_add_to_cart_button\" \/><input type=\"hidden\" name=\"estore_product_name\" value=\"Sembravi Maradona - B.A. Grotto Band\" \/><input type=\"hidden\" name=\"product_name_tmp1\" value=\"Sembravi Maradona - B.A. Grotto Band\" \/><input type=\"hidden\" name=\"thumbnail_url\" value=\"https:\/\/happymusic.ch\/wp-content\/uploads\/2024\/12\/marad.jpg\" \/><input type=\"hidden\" name=\"price\" value=\"1.00\" \/><input type=\"hidden\" name=\"price_tmp1\" value=\"1.00\" \/><input type=\"hidden\" name=\"item_number\" value=\"38\" \/><input type=\"hidden\" name=\"shipping\" value=\"\" \/><input type=\"hidden\" name=\"tax\" value=\"\" \/><input type=\"hidden\" name=\"addcart_eStore\" value=\"1\" \/><input type=\"hidden\" name=\"cartLink\" value=\"https:\/\/happymusic.ch\/index.php\/wp-json\/wp\/v2\/pages\/1039\" \/><input type=\"hidden\" name=\"digital_flag\" value=\"1\" \/><\/form><div class=\"eStore_item_added_msg eStore_item_added_msg-38\"><\/div><\/div><\/div>\n\n\n\n<figure class=\"wp-block-audio\"><audio controls src=\"https:\/\/happymusic.ch\/wp-content\/uploads\/2024\/11\/Lucea-la-luna.mp3\"><\/audio><\/figure>\n\n\n\n<div class=\"eStore-product eStore-fancy-wrapper\"><div class=\"eStore-thumbnail\"><a href=\"https:\/\/happymusic.ch\/wp-content\/uploads\/2024\/12\/luna.jpg\" rel=\"lightbox[Lucea la luna - B.A. Grotto Band]\" title=\"Lucea la luna - B.A. Grotto Band\"><img decoding=\"async\" class=\"thumb-image\" src=\"https:\/\/happymusic.ch\/wp-content\/uploads\/2024\/12\/luna.jpg\" alt=\"Lucea la luna - B.A. Grotto Band\" \/><\/a><\/div><div class=\"eStore-product-description\"><div class=\"eStore-product-name\">Lucea la luna - B.A. Grotto Band<\/div>Lucea la luna - B.A. Grotto Band - Mp3<div class=\"eStore_price\"><span class=\"eStore_price_label\"><strong>Prezzo: <\/strong><\/span><span class=\"eStore_price_value\">Fr.1.00<\/span><\/div><form method=\"post\" action=\"\" class=\"eStore-button-form eStore-button-form-34\" style=\"display:inline\" onsubmit=\"return ReadForm1(this, 1);\"><div class=\"eStore_variation_top\"><\/div><input type=\"hidden\" name=\"add_qty\" value=\"1\" \/><input type=\"submit\" value=\"Add to Cart\" class=\"eStore_button eStore_add_to_cart_button\" \/><input type=\"hidden\" name=\"estore_product_name\" value=\"Lucea la luna - B.A. Grotto Band\" \/><input type=\"hidden\" name=\"product_name_tmp1\" value=\"Lucea la luna - B.A. Grotto Band\" \/><input type=\"hidden\" name=\"thumbnail_url\" value=\"https:\/\/happymusic.ch\/wp-content\/uploads\/2024\/12\/luna.jpg\" \/><input type=\"hidden\" name=\"price\" value=\"1.00\" \/><input type=\"hidden\" name=\"price_tmp1\" value=\"1.00\" \/><input type=\"hidden\" name=\"item_number\" value=\"34\" \/><input type=\"hidden\" name=\"shipping\" value=\"\" \/><input type=\"hidden\" name=\"tax\" value=\"\" \/><input type=\"hidden\" name=\"addcart_eStore\" value=\"1\" \/><input type=\"hidden\" name=\"cartLink\" value=\"https:\/\/happymusic.ch\/index.php\/wp-json\/wp\/v2\/pages\/1039\" \/><input type=\"hidden\" name=\"digital_flag\" value=\"1\" \/><\/form><div class=\"eStore_item_added_msg eStore_item_added_msg-34\"><\/div><\/div><\/div>\n\n\n\n<figure class=\"wp-block-audio\"><audio controls src=\"https:\/\/happymusic.ch\/wp-content\/uploads\/2024\/11\/Fa-mial-bambela.mp3\"><\/audio><\/figure>\n\n\n\n<div class=\"eStore-product eStore-fancy-wrapper\"><div class=\"eStore-thumbnail\"><a href=\"https:\/\/happymusic.ch\/wp-content\/uploads\/2025\/07\/famialbambela-1.jpg\" rel=\"lightbox[Fa mia'l bambela - B.A. Grotto Band]\" title=\"Fa mia'l bambela - B.A. Grotto Band\"><img decoding=\"async\" class=\"thumb-image\" src=\"https:\/\/happymusic.ch\/wp-content\/uploads\/2025\/07\/famialbambela-1.jpg\" alt=\"Fa mia'l bambela - B.A. Grotto Band\" \/><\/a><\/div><div class=\"eStore-product-description\"><div class=\"eStore-product-name\">Fa mia'l bambela - B.A. Grotto Band<\/div>Fa mia'l bambela - B.A. Grotto Band - Mp3<div class=\"eStore_price\"><span class=\"eStore_price_label\"><strong>Prezzo: <\/strong><\/span><span class=\"eStore_price_value\">Fr.1.00<\/span><\/div><form method=\"post\" action=\"\" class=\"eStore-button-form eStore-button-form-35\" style=\"display:inline\" onsubmit=\"return ReadForm1(this, 1);\"><div class=\"eStore_variation_top\"><\/div><input type=\"hidden\" name=\"add_qty\" value=\"1\" \/><input type=\"submit\" value=\"Add to Cart\" class=\"eStore_button eStore_add_to_cart_button\" \/><input type=\"hidden\" name=\"estore_product_name\" value=\"Fa mia&#039;l bambela - B.A. Grotto Band\" \/><input type=\"hidden\" name=\"product_name_tmp1\" value=\"Fa mia&#039;l bambela - B.A. Grotto Band\" \/><input type=\"hidden\" name=\"thumbnail_url\" value=\"https:\/\/happymusic.ch\/wp-content\/uploads\/2025\/07\/famialbambela-1.jpg\" \/><input type=\"hidden\" name=\"price\" value=\"1.00\" \/><input type=\"hidden\" name=\"price_tmp1\" value=\"1.00\" \/><input type=\"hidden\" name=\"item_number\" value=\"35\" \/><input type=\"hidden\" name=\"shipping\" value=\"\" \/><input type=\"hidden\" name=\"tax\" value=\"\" \/><input type=\"hidden\" name=\"addcart_eStore\" value=\"1\" \/><input type=\"hidden\" name=\"cartLink\" value=\"https:\/\/happymusic.ch\/index.php\/wp-json\/wp\/v2\/pages\/1039\" \/><input type=\"hidden\" name=\"digital_flag\" value=\"1\" \/><\/form><div class=\"eStore_item_added_msg eStore_item_added_msg-35\"><\/div><\/div><\/div>\n\n\n\n<figure class=\"wp-block-audio\"><audio controls src=\"https:\/\/happymusic.ch\/wp-content\/uploads\/2024\/11\/For-much.mp3\"><\/audio><\/figure>\n\n\n\n<div class=\"eStore-product eStore-fancy-wrapper\"><div class=\"eStore-thumbnail\"><a href=\"https:\/\/happymusic.ch\/wp-content\/uploads\/2024\/11\/B.A.GrottoBand.jpg\" rel=\"lightbox[For much - B.A. Grotto Band]\" title=\"For much - B.A. Grotto Band\"><img decoding=\"async\" class=\"thumb-image\" src=\"https:\/\/happymusic.ch\/wp-content\/uploads\/2024\/11\/B.A.GrottoBand.jpg\" alt=\"For much - B.A. Grotto Band\" \/><\/a><\/div><div class=\"eStore-product-description\"><div class=\"eStore-product-name\">For much - B.A. Grotto Band<\/div>For much - B.A. Grotto Band - Mp3<div class=\"eStore_price\"><span class=\"eStore_price_label\"><strong>Prezzo: <\/strong><\/span><span class=\"eStore_price_value\">Fr.1.00<\/span><\/div><form method=\"post\" action=\"\" class=\"eStore-button-form eStore-button-form-36\" style=\"display:inline\" onsubmit=\"return ReadForm1(this, 1);\"><div class=\"eStore_variation_top\"><\/div><input type=\"hidden\" name=\"add_qty\" value=\"1\" \/><input type=\"submit\" value=\"Add to Cart\" class=\"eStore_button eStore_add_to_cart_button\" \/><input type=\"hidden\" name=\"estore_product_name\" value=\"For much - B.A. Grotto Band\" \/><input type=\"hidden\" name=\"product_name_tmp1\" value=\"For much - B.A. Grotto Band\" \/><input type=\"hidden\" name=\"thumbnail_url\" value=\"https:\/\/happymusic.ch\/wp-content\/uploads\/2024\/11\/B.A.GrottoBand.jpg\" \/><input type=\"hidden\" name=\"price\" value=\"1.00\" \/><input type=\"hidden\" name=\"price_tmp1\" value=\"1.00\" \/><input type=\"hidden\" name=\"item_number\" value=\"36\" \/><input type=\"hidden\" name=\"shipping\" value=\"\" \/><input type=\"hidden\" name=\"tax\" value=\"\" \/><input type=\"hidden\" name=\"addcart_eStore\" value=\"1\" \/><input type=\"hidden\" name=\"cartLink\" value=\"https:\/\/happymusic.ch\/index.php\/wp-json\/wp\/v2\/pages\/1039\" \/><input type=\"hidden\" name=\"digital_flag\" value=\"1\" \/><\/form><div class=\"eStore_item_added_msg eStore_item_added_msg-36\"><\/div><\/div><\/div>\n\n\n\n<figure class=\"wp-block-audio\"><audio controls src=\"https:\/\/happymusic.ch\/wp-content\/uploads\/2024\/11\/Guarda-la-lumaga.mp3\"><\/audio><\/figure>\n\n\n\n<div class=\"eStore-product eStore-fancy-wrapper\"><div class=\"eStore-thumbnail\"><a href=\"https:\/\/happymusic.ch\/wp-content\/uploads\/2024\/12\/Lumaga.jpg\" rel=\"lightbox[Guarda la lumaga - B.A. Grotto Band]\" title=\"Guarda la lumaga - B.A. Grotto Band\"><img decoding=\"async\" class=\"thumb-image\" src=\"https:\/\/happymusic.ch\/wp-content\/uploads\/2024\/12\/Lumaga.jpg\" alt=\"Guarda la lumaga - B.A. Grotto Band\" \/><\/a><\/div><div class=\"eStore-product-description\"><div class=\"eStore-product-name\">Guarda la lumaga - B.A. Grotto Band<\/div>Guarda la lumaga - B.A. Grotto Band - Mp3<div class=\"eStore_price\"><span class=\"eStore_price_label\"><strong>Prezzo: <\/strong><\/span><span class=\"eStore_price_value\">Fr.1.00<\/span><\/div><form method=\"post\" action=\"\" class=\"eStore-button-form eStore-button-form-37\" style=\"display:inline\" onsubmit=\"return ReadForm1(this, 1);\"><div class=\"eStore_variation_top\"><\/div><input type=\"hidden\" name=\"add_qty\" value=\"1\" \/><input type=\"submit\" value=\"Add to Cart\" class=\"eStore_button eStore_add_to_cart_button\" \/><input type=\"hidden\" name=\"estore_product_name\" value=\"Guarda la lumaga - B.A. Grotto Band\" \/><input type=\"hidden\" name=\"product_name_tmp1\" value=\"Guarda la lumaga - B.A. Grotto Band\" \/><input type=\"hidden\" name=\"thumbnail_url\" value=\"https:\/\/happymusic.ch\/wp-content\/uploads\/2024\/12\/Lumaga.jpg\" \/><input type=\"hidden\" name=\"price\" value=\"1.00\" \/><input type=\"hidden\" name=\"price_tmp1\" value=\"1.00\" \/><input type=\"hidden\" name=\"item_number\" value=\"37\" \/><input type=\"hidden\" name=\"shipping\" value=\"\" \/><input type=\"hidden\" name=\"tax\" value=\"\" \/><input type=\"hidden\" name=\"addcart_eStore\" value=\"1\" \/><input type=\"hidden\" name=\"cartLink\" value=\"https:\/\/happymusic.ch\/index.php\/wp-json\/wp\/v2\/pages\/1039\" \/><input type=\"hidden\" name=\"digital_flag\" value=\"1\" \/><\/form><div class=\"eStore_item_added_msg eStore_item_added_msg-37\"><\/div><\/div><\/div>\n\n\n\n<p><\/p>\n\n\n\n<p>Non \u00e8 necessario avere un conto paypal per effettuare i pagamenti, anche la carta di credito normale viene accettata dal sistema paypal. In alternativa potete scegliere &#8220;manual&#8221;, riceverete le indicazioni per effettuare il versamento ma in questo caso riceverete i files musicali solo quando il pagamento verr\u00e0 contabilizzato, pu\u00f2 volerci qualche giorno.<\/p>\n","protected":false},"excerpt":{"rendered":"<p>La Grotto Band nasce al Bionda Aurora, con le invenzioni musicali di Ben Camper, che ha preso spunto e musicato storie e aneddoti, orecchiando subito le voci pi\u00f9 adatte alla sua world insalada, ingredienti cangianti, a volte sospetti. Le canzoni che per anni sono state ritenute impresentabili, possono ora venir riproposte grazie alle nuove tecnologie,\u2026 <span class=\"read-more\"><a href=\"https:\/\/happymusic.ch\/index.php\/bionda-aurora-grotto-band\/\">Leggi tutto &raquo;<\/a><\/span><\/p>\n","protected":false},"author":1,"featured_media":0,"parent":0,"menu_order":0,"comment_status":"closed","ping_status":"closed","template":"","meta":{"footnotes":""},"class_list":["post-1039","page","type-page","status-publish","hentry"],"_links":{"self":[{"href":"https:\/\/happymusic.ch\/index.php\/wp-json\/wp\/v2\/pages\/1039","targetHints":{"allow":["GET"]}}],"collection":[{"href":"https:\/\/happymusic.ch\/index.php\/wp-json\/wp\/v2\/pages"}],"about":[{"href":"https:\/\/happymusic.ch\/index.php\/wp-json\/wp\/v2\/types\/page"}],"author":[{"embeddable":true,"href":"https:\/\/happymusic.ch\/index.php\/wp-json\/wp\/v2\/users\/1"}],"replies":[{"embeddable":true,"href":"https:\/\/happymusic.ch\/index.php\/wp-json\/wp\/v2\/comments?post=1039"}],"version-history":[{"count":18,"href":"https:\/\/happymusic.ch\/index.php\/wp-json\/wp\/v2\/pages\/1039\/revisions"}],"predecessor-version":[{"id":1118,"href":"https:\/\/happymusic.ch\/index.php\/wp-json\/wp\/v2\/pages\/1039\/revisions\/1118"}],"wp:attachment":[{"href":"https:\/\/happymusic.ch\/index.php\/wp-json\/wp\/v2\/media?parent=1039"}],"curies":[{"name":"wp","href":"https:\/\/api.w.org\/{rel}","templated":true}]}}