{"id":154,"date":"2018-02-23T20:22:13","date_gmt":"2018-02-23T20:22:13","guid":{"rendered":"http:\/\/happymusic.ch\/?page_id=154"},"modified":"2020-11-01T16:42:42","modified_gmt":"2020-11-01T16:42:42","slug":"billy-bluemoon-et-le-phonographe-vole","status":"publish","type":"page","link":"https:\/\/happymusic.ch\/index.php\/billy-bluemoon-et-le-phonographe-vole\/","title":{"rendered":"Billy Bluemoon et le phonographe vol\u00e9"},"content":{"rendered":"<p><a href=\"http:\/\/happymusic.ch\/index.php\/2018\/02\/23\/billy-bluemoon-e-il-grammofono-rubato-it-fr\/\">Italiano qui<\/a><\/p>\n<p><img loading=\"lazy\" decoding=\"async\" class=\"size-medium wp-image-100 alignright\" src=\"http:\/\/happymusic.ch\/wp-content\/uploads\/2018\/02\/billybluemoon-300x169.jpg\" alt=\"\" width=\"300\" height=\"169\" srcset=\"https:\/\/happymusic.ch\/wp-content\/uploads\/2018\/02\/billybluemoon-300x169.jpg 300w, https:\/\/happymusic.ch\/wp-content\/uploads\/2018\/02\/billybluemoon-768x433.jpg 768w, https:\/\/happymusic.ch\/wp-content\/uploads\/2018\/02\/billybluemoon-1024x578.jpg 1024w, https:\/\/happymusic.ch\/wp-content\/uploads\/2018\/02\/billybluemoon-660x373.jpg 660w, https:\/\/happymusic.ch\/wp-content\/uploads\/2018\/02\/billybluemoon.jpg 1474w\" sizes=\"auto, (max-width: 300px) 100vw, 300px\" \/><\/p>\n<p><span style=\"font-family: Arial, sans-serif;\"><b>Billy Bluemoon et le phonographe vol\u00e9<\/b> est une histoire musicale pour narrateur et ensemble\u00a0<\/span><\/p>\n<p><span style=\"font-family: Arial, sans-serif;\">variable,<\/span><span style=\"font-family: Arial, sans-serif;\">quatre voix et percussion, piano au libitum. Editions Difem (www.difem.ch)<\/span><\/p>\n<p><span style=\"font-family: Arial, sans-serif;\"><b>Morceaux et trame<\/b><\/span><\/p>\n<p><span style=\"font-family: Arial, sans-serif;\"><b>1.Ouverture<\/b> \u2013 La musique emporte les spectateurs au vieux west.<\/span><\/p>\n<!--[if lt IE 9]><script>document.createElement('audio');<\/script><![endif]-->\n<audio class=\"wp-audio-shortcode\" id=\"audio-154-1\" preload=\"none\" style=\"width: 100%;\" controls=\"controls\"><source type=\"audio\/mpeg\" src=\"http:\/\/happymusic.ch\/wp-content\/uploads\/2018\/02\/21-Billy1-1D.mp3?_=1\" \/><a href=\"http:\/\/happymusic.ch\/wp-content\/uploads\/2018\/02\/21-Billy1-1D.mp3\">http:\/\/happymusic.ch\/wp-content\/uploads\/2018\/02\/21-Billy1-1D.mp3<\/a><\/audio>\n<p><span style=\"font-family: Arial, sans-serif;\"><b>2.Coming Back Home<\/b> \u2013 Billy Bluemoon rentre chez soi apr\u00e8s avoir pris un dangereux bandit. Il a un cadeau pour sa fianc\u00e9e.<\/span><\/p>\n<p><span style=\"font-family: Arial, sans-serif;\"><b>3.Ballad of the Good Bounty Hunter \u2013<\/b> Tout le village f\u00eate trionphalement l&#8217;exploit de Billy.<\/span><\/p>\n<audio class=\"wp-audio-shortcode\" id=\"audio-154-2\" preload=\"none\" style=\"width: 100%;\" controls=\"controls\"><source type=\"audio\/mpeg\" src=\"http:\/\/happymusic.ch\/wp-content\/uploads\/2018\/02\/22-Billy1-23D.mp3?_=2\" \/><a href=\"http:\/\/happymusic.ch\/wp-content\/uploads\/2018\/02\/22-Billy1-23D.mp3\">http:\/\/happymusic.ch\/wp-content\/uploads\/2018\/02\/22-Billy1-23D.mp3<\/a><\/audio>\n<p><span style=\"font-family: Arial, sans-serif;\"><b>4.Waltz in the Moonlight<\/b> &#8211; Seulement plus tard Billy reste seul avec sa fianc\u00e9e Rosy.<\/span><\/p>\n<p><span style=\"font-family: Arial, sans-serif;\"><b>5.Furtive Nocturne<\/b> \u2013 pendant la nuit on vole le cadeau de Billy pour Rosy.<\/span><\/p>\n<audio class=\"wp-audio-shortcode\" id=\"audio-154-3\" preload=\"none\" style=\"width: 100%;\" controls=\"controls\"><source type=\"audio\/mpeg\" src=\"http:\/\/happymusic.ch\/wp-content\/uploads\/2018\/02\/23-Billy1-45D.mp3?_=3\" \/><a href=\"http:\/\/happymusic.ch\/wp-content\/uploads\/2018\/02\/23-Billy1-45D.mp3\">http:\/\/happymusic.ch\/wp-content\/uploads\/2018\/02\/23-Billy1-45D.mp3<\/a><\/audio>\n<p><span style=\"font-family: Arial, sans-serif;\"><b>6.The Ride<\/b> \u2013 Billy part \u00e0 la chasse du voleur, mais au village:<\/span><\/p>\n<p><span style=\"font-family: Arial, sans-serif;\"><b>7.Funeral March<\/b> \u2013 on croit que Billy est d\u00e9sormais mort, parce qu&#8217;il s&#8217;est dirig\u00e9 vers un territoire prohibit.<\/span><\/p>\n<audio class=\"wp-audio-shortcode\" id=\"audio-154-4\" preload=\"none\" style=\"width: 100%;\" controls=\"controls\"><source type=\"audio\/mpeg\" src=\"http:\/\/happymusic.ch\/wp-content\/uploads\/2018\/02\/24-Billy1-67D.mp3?_=4\" \/><a href=\"http:\/\/happymusic.ch\/wp-content\/uploads\/2018\/02\/24-Billy1-67D.mp3\">http:\/\/happymusic.ch\/wp-content\/uploads\/2018\/02\/24-Billy1-67D.mp3<\/a><\/audio>\n<p><span style=\"font-family: Arial, sans-serif;\"><b>8.Indian Dance<\/b> \u2013 Billy est captur\u00e9 par les Indiens qui le soumettent au verdict de la danse de la v\u00e9rit\u00e9: Billy est un ami et il m\u00e9rite d&#8217;\u00eatre aid\u00e9 \u00e0 trouver le coupable.<\/span><\/p>\n<p><span style=\"font-family: Arial, sans-serif;\"><b>9.The Ride<\/b> \u2013 Billy rentre au village<\/span><\/p>\n<p><span style=\"font-family: Arial, sans-serif;\"><b>10.Trap Boogie<\/b> \u2013 le pi\u00e8ge musical des Indien est mis en fonction<\/span><\/p>\n<audio class=\"wp-audio-shortcode\" id=\"audio-154-5\" preload=\"none\" style=\"width: 100%;\" controls=\"controls\"><source type=\"audio\/mpeg\" src=\"http:\/\/happymusic.ch\/wp-content\/uploads\/2018\/02\/25-Billy1-810D.mp3?_=5\" \/><a href=\"http:\/\/happymusic.ch\/wp-content\/uploads\/2018\/02\/25-Billy1-810D.mp3\">http:\/\/happymusic.ch\/wp-content\/uploads\/2018\/02\/25-Billy1-810D.mp3<\/a><\/audio>\n<p><span style=\"font-family: Arial, sans-serif;\"><b>11.Regrets Beguine<\/b> \u2013 et le coupable est captur\u00e9<\/span><\/p>\n<p><span style=\"font-family: Arial, sans-serif;\"><b>12.Wedding Polka<\/b> \u2013 Billy peut donner son cadeau \u00e0 Rosy et lui demander de se marier.<\/span><\/p>\n<audio class=\"wp-audio-shortcode\" id=\"audio-154-6\" preload=\"none\" style=\"width: 100%;\" controls=\"controls\"><source type=\"audio\/mpeg\" src=\"http:\/\/happymusic.ch\/wp-content\/uploads\/2018\/02\/26-Billy1-1112D.mp3?_=6\" \/><a href=\"http:\/\/happymusic.ch\/wp-content\/uploads\/2018\/02\/26-Billy1-1112D.mp3\">http:\/\/happymusic.ch\/wp-content\/uploads\/2018\/02\/26-Billy1-1112D.mp3<\/a><\/audio>\n<p><iframe loading=\"lazy\" title=\"YHB - Billy et le phonographe vol\u00e9\" width=\"665\" height=\"374\" src=\"https:\/\/www.youtube.com\/embed\/-SrxTZoFeyM?feature=oembed\" frameborder=\"0\" allow=\"accelerometer; autoplay; clipboard-write; encrypted-media; gyroscope; picture-in-picture; web-share\" referrerpolicy=\"strict-origin-when-cross-origin\" allowfullscreen><\/iframe><br \/>\n<iframe loading=\"lazy\" title=\"Fanfare de Crissier - Concert annuel 2018 : Les El\u00e8ves\" width=\"665\" height=\"374\" src=\"https:\/\/www.youtube.com\/embed\/tF2sDVFq6Pk?feature=oembed\" frameborder=\"0\" allow=\"accelerometer; autoplay; clipboard-write; encrypted-media; gyroscope; picture-in-picture; web-share\" referrerpolicy=\"strict-origin-when-cross-origin\" allowfullscreen><\/iframe><\/p>\n<p><iframe loading=\"lazy\" title=\"Billy Bluemoon, Ernesto Felice\" width=\"665\" height=\"499\" src=\"https:\/\/www.youtube.com\/embed\/D_rBHpdjNDw?feature=oembed\" frameborder=\"0\" allow=\"accelerometer; autoplay; clipboard-write; encrypted-media; gyroscope; picture-in-picture; web-share\" referrerpolicy=\"strict-origin-when-cross-origin\" allowfullscreen><\/iframe><\/p>\n","protected":false},"excerpt":{"rendered":"<p>Italiano qui Billy Bluemoon et le phonographe vol\u00e9 est une histoire musicale pour narrateur et ensemble\u00a0 variable,quatre voix et percussion, piano au libitum. Editions Difem (www.difem.ch) Morceaux et trame 1.Ouverture \u2013 La musique emporte les spectateurs au vieux west. 2.Coming Back Home \u2013 Billy Bluemoon rentre chez soi apr\u00e8s avoir pris un dangereux bandit. Il\u2026 <span class=\"read-more\"><a href=\"https:\/\/happymusic.ch\/index.php\/billy-bluemoon-et-le-phonographe-vole\/\">Leggi tutto &raquo;<\/a><\/span><\/p>\n","protected":false},"author":1,"featured_media":100,"parent":0,"menu_order":0,"comment_status":"closed","ping_status":"closed","template":"","meta":{"footnotes":""},"class_list":["post-154","page","type-page","status-publish","has-post-thumbnail","hentry"],"_links":{"self":[{"href":"https:\/\/happymusic.ch\/index.php\/wp-json\/wp\/v2\/pages\/154","targetHints":{"allow":["GET"]}}],"collection":[{"href":"https:\/\/happymusic.ch\/index.php\/wp-json\/wp\/v2\/pages"}],"about":[{"href":"https:\/\/happymusic.ch\/index.php\/wp-json\/wp\/v2\/types\/page"}],"author":[{"embeddable":true,"href":"https:\/\/happymusic.ch\/index.php\/wp-json\/wp\/v2\/users\/1"}],"replies":[{"embeddable":true,"href":"https:\/\/happymusic.ch\/index.php\/wp-json\/wp\/v2\/comments?post=154"}],"version-history":[{"count":7,"href":"https:\/\/happymusic.ch\/index.php\/wp-json\/wp\/v2\/pages\/154\/revisions"}],"predecessor-version":[{"id":740,"href":"https:\/\/happymusic.ch\/index.php\/wp-json\/wp\/v2\/pages\/154\/revisions\/740"}],"wp:featuredmedia":[{"embeddable":true,"href":"https:\/\/happymusic.ch\/index.php\/wp-json\/wp\/v2\/media\/100"}],"wp:attachment":[{"href":"https:\/\/happymusic.ch\/index.php\/wp-json\/wp\/v2\/media?parent=154"}],"curies":[{"name":"wp","href":"https:\/\/api.w.org\/{rel}","templated":true}]}}