{"id":601,"date":"2020-04-30T12:11:59","date_gmt":"2020-04-30T12:11:59","guid":{"rendered":"https:\/\/happymusic.ch\/?page_id=601"},"modified":"2020-10-20T08:19:54","modified_gmt":"2020-10-20T08:19:54","slug":"carpe-notas-lernmethode-zum-notenlesen","status":"publish","type":"page","link":"https:\/\/happymusic.ch\/index.php\/carpe-notas-lernmethode-zum-notenlesen\/","title":{"rendered":"Carpe Notas, Lernmethode zum Notenlesen"},"content":{"rendered":"\n<p><\/p>\n\n\n\n<figure class=\"wp-block-video\"><video controls src=\"https:\/\/happymusic.ch\/wp-content\/uploads\/2020\/06\/Carpe-Notas-Presentation-DE.mov\"><\/video><figcaption>Pr\u00e4sentation<\/figcaption><\/figure>\n\n\n\n<p>Eine gute Kenntnis der Grundsequenz steht im Mittelpunkt des ersten Teils der \u00dcbungen und f\u00fchrt dazu, dass wiederkehrende Fehlern beim Lesen von weniger verwendeten oder \u00e4hnlich aussehenden Noten vermieden werden.<\/p>\n\n\n\n<p>Carpe Notas kann \u00fcbrigens auch angewendet werden, um die Qualit\u00e4t des Notenlesens zu verbessern sowie um einen zweiten oder dritten Schl\u00fcssel zu lernen. Die Methode wird von Amazon vertrieben. <br><\/p>\n\n\n\n<h2 class=\"wp-block-heading\"><a href=\"https:\/\/www.amazon.de\/dp\/B087R3WF1K\/ref=sr_1_6?__mk_de_DE\">Klicken Sie hier, um zum Shop zu gelangen<\/a><\/h2>\n\n\n\n<h2 class=\"wp-block-heading\"><a href=\"https:\/\/happymusic.ch\/index.php\/carpe-notas-listening-exercises\/\" target=\"_blank\" rel=\"noreferrer noopener\" aria-label=\" H\u00f6r\u00fcbungen hier (si apre in una nuova scheda)\"> H\u00f6r\u00fcbungen hier<\/a><\/h2>\n\n\n\n<h2 class=\"wp-block-heading\"><br>Entwicklungsgeschichte Carpenotas<\/h2>\n\n\n\n<p>Artikel wird vorbereitet &#8211; <a href=\"https:\/\/happymusic.ch\/index.php\/carpe-notas-chronologie\/\" target=\"_blank\" rel=\"noreferrer noopener\" aria-label=\"Hier auf Franz\u00f6sisch (si apre in una nuova scheda)\">Hier auf Franz\u00f6sisch<\/a><\/p>\n","protected":false},"excerpt":{"rendered":"<p>Eine gute Kenntnis der Grundsequenz steht im Mittelpunkt des ersten Teils der \u00dcbungen und f\u00fchrt dazu, dass wiederkehrende Fehlern beim Lesen von weniger verwendeten oder \u00e4hnlich aussehenden Noten vermieden werden. Carpe Notas kann \u00fcbrigens auch angewendet werden, um die Qualit\u00e4t des Notenlesens zu verbessern sowie um einen zweiten oder dritten Schl\u00fcssel zu lernen. Die Methode\u2026 <span class=\"read-more\"><a href=\"https:\/\/happymusic.ch\/index.php\/carpe-notas-lernmethode-zum-notenlesen\/\">Leggi tutto &raquo;<\/a><\/span><\/p>\n","protected":false},"author":1,"featured_media":0,"parent":0,"menu_order":0,"comment_status":"closed","ping_status":"closed","template":"","meta":{"footnotes":""},"class_list":["post-601","page","type-page","status-publish","hentry"],"_links":{"self":[{"href":"https:\/\/happymusic.ch\/index.php\/wp-json\/wp\/v2\/pages\/601","targetHints":{"allow":["GET"]}}],"collection":[{"href":"https:\/\/happymusic.ch\/index.php\/wp-json\/wp\/v2\/pages"}],"about":[{"href":"https:\/\/happymusic.ch\/index.php\/wp-json\/wp\/v2\/types\/page"}],"author":[{"embeddable":true,"href":"https:\/\/happymusic.ch\/index.php\/wp-json\/wp\/v2\/users\/1"}],"replies":[{"embeddable":true,"href":"https:\/\/happymusic.ch\/index.php\/wp-json\/wp\/v2\/comments?post=601"}],"version-history":[{"count":15,"href":"https:\/\/happymusic.ch\/index.php\/wp-json\/wp\/v2\/pages\/601\/revisions"}],"predecessor-version":[{"id":724,"href":"https:\/\/happymusic.ch\/index.php\/wp-json\/wp\/v2\/pages\/601\/revisions\/724"}],"wp:attachment":[{"href":"https:\/\/happymusic.ch\/index.php\/wp-json\/wp\/v2\/media?parent=601"}],"curies":[{"name":"wp","href":"https:\/\/api.w.org\/{rel}","templated":true}]}}