{"id":622,"date":"2020-05-06T13:04:37","date_gmt":"2020-05-06T13:04:37","guid":{"rendered":"https:\/\/happymusic.ch\/?page_id=622"},"modified":"2020-05-18T09:22:13","modified_gmt":"2020-05-18T09:22:13","slug":"carpe-notas-methode-pour-lire-la-musique","status":"publish","type":"page","link":"https:\/\/happymusic.ch\/index.php\/carpe-notas-methode-pour-lire-la-musique\/","title":{"rendered":"Carpe Notas, m\u00e9thode pour  lire la musique"},"content":{"rendered":"\n<figure class=\"wp-block-video\"><video controls src=\"https:\/\/happymusic.ch\/wp-content\/uploads\/2020\/05\/Carpe-Notas-Pr\u00e9sentation-FR.mov\"><\/video><figcaption>Pr\u00e9sentation<\/figcaption><\/figure>\n\n\n\n<p style=\"text-align:left\">Les livrets sont distribu\u00e9s sur Amazon. <\/p>\n\n\n<h2><a href=\"https:\/\/www.amazon.fr\/dp\/B088BJLLY2?ref_=pe_3052080_397514860\" target=\"_blank\" rel=\"noopener noreferrer\">Acheter ici<\/a><\/h2>\n<h2><a href=\"https:\/\/happymusic.ch\/index.php\/carpe-notas-chronologie\/\" target=\"_blank\" rel=\"noopener noreferrer\">Chronologie du d\u00e9veloppement de la m\u00e9thode<\/a><\/h2>\n\n\n<p><\/p>\n\n\n\n\n\n<p><\/p>\n\n\n<h2>Ici les video des exercices d&#8217;\u00e9coute:<\/h2>\n<p><iframe loading=\"lazy\" title=\"Carpe Notas 1.9 Esercizio di ascolto p.10\" width=\"665\" height=\"374\" src=\"https:\/\/www.youtube.com\/embed\/vo6o8kMRAVI?feature=oembed\" frameborder=\"0\" allow=\"accelerometer; autoplay; clipboard-write; encrypted-media; gyroscope; picture-in-picture; web-share\" referrerpolicy=\"strict-origin-when-cross-origin\" allowfullscreen><\/iframe><\/p>\n<p><iframe loading=\"lazy\" title=\"Carpe Notas 2 2\" width=\"665\" height=\"374\" src=\"https:\/\/www.youtube.com\/embed\/L17gEH24Ba4?feature=oembed\" frameborder=\"0\" allow=\"accelerometer; autoplay; clipboard-write; encrypted-media; gyroscope; picture-in-picture; web-share\" referrerpolicy=\"strict-origin-when-cross-origin\" allowfullscreen><\/iframe><\/p>\n<p><iframe loading=\"lazy\" title=\"Carpe Notas 2.5\" width=\"665\" height=\"374\" src=\"https:\/\/www.youtube.com\/embed\/rRen0eEdVWk?feature=oembed\" frameborder=\"0\" allow=\"accelerometer; autoplay; clipboard-write; encrypted-media; gyroscope; picture-in-picture; web-share\" referrerpolicy=\"strict-origin-when-cross-origin\" allowfullscreen><\/iframe><\/p>\n<p><iframe loading=\"lazy\" title=\"Carpe Notas 2.8 Dettati p.16\" width=\"665\" height=\"374\" src=\"https:\/\/www.youtube.com\/embed\/P6saL9gZm-k?feature=oembed\" frameborder=\"0\" allow=\"accelerometer; autoplay; clipboard-write; encrypted-media; gyroscope; picture-in-picture; web-share\" referrerpolicy=\"strict-origin-when-cross-origin\" allowfullscreen><\/iframe><\/p>\n<p><iframe loading=\"lazy\" title=\"Carpe Notas 3.0 Esercizio di ascolto p.17\" width=\"665\" height=\"374\" src=\"https:\/\/www.youtube.com\/embed\/FsUtxpxBVNg?feature=oembed\" frameborder=\"0\" allow=\"accelerometer; autoplay; clipboard-write; encrypted-media; gyroscope; picture-in-picture; web-share\" referrerpolicy=\"strict-origin-when-cross-origin\" allowfullscreen><\/iframe><\/p>\n<p><iframe loading=\"lazy\" title=\"Carpe Notas 3.5 Esercizio di ascolto p.23\" width=\"665\" height=\"374\" src=\"https:\/\/www.youtube.com\/embed\/yrbv47Df01A?feature=oembed\" frameborder=\"0\" allow=\"accelerometer; autoplay; clipboard-write; encrypted-media; gyroscope; picture-in-picture; web-share\" referrerpolicy=\"strict-origin-when-cross-origin\" allowfullscreen><\/iframe><\/p>\n<p><iframe loading=\"lazy\" title=\"Carpe Notas 3.8 Dettati p.26\" width=\"665\" height=\"374\" src=\"https:\/\/www.youtube.com\/embed\/gOh3NR7ON0U?feature=oembed\" frameborder=\"0\" allow=\"accelerometer; autoplay; clipboard-write; encrypted-media; gyroscope; picture-in-picture; web-share\" referrerpolicy=\"strict-origin-when-cross-origin\" allowfullscreen><\/iframe><\/p>\n<p><iframe loading=\"lazy\" title=\"Carpe Notas 4.3 Dettati p.32\" width=\"665\" height=\"374\" src=\"https:\/\/www.youtube.com\/embed\/GndGUgnMELg?feature=oembed\" frameborder=\"0\" allow=\"accelerometer; autoplay; clipboard-write; encrypted-media; gyroscope; picture-in-picture; web-share\" referrerpolicy=\"strict-origin-when-cross-origin\" allowfullscreen><\/iframe><\/p>\n<p><iframe loading=\"lazy\" title=\"Carpe Notas 4.6 Esercizio di ascolto p.35\" width=\"665\" height=\"374\" src=\"https:\/\/www.youtube.com\/embed\/QdR7rjFXfyI?feature=oembed\" frameborder=\"0\" allow=\"accelerometer; autoplay; clipboard-write; encrypted-media; gyroscope; picture-in-picture; web-share\" referrerpolicy=\"strict-origin-when-cross-origin\" allowfullscreen><\/iframe><\/p>","protected":false},"excerpt":{"rendered":"<p>Les livrets sont distribu\u00e9s sur Amazon. Acheter ici Chronologie du d\u00e9veloppement de la m\u00e9thode Ici les video des exercices d&#8217;\u00e9coute:<\/p>\n","protected":false},"author":1,"featured_media":0,"parent":0,"menu_order":0,"comment_status":"closed","ping_status":"closed","template":"","meta":{"footnotes":""},"class_list":["post-622","page","type-page","status-publish","hentry"],"_links":{"self":[{"href":"https:\/\/happymusic.ch\/index.php\/wp-json\/wp\/v2\/pages\/622","targetHints":{"allow":["GET"]}}],"collection":[{"href":"https:\/\/happymusic.ch\/index.php\/wp-json\/wp\/v2\/pages"}],"about":[{"href":"https:\/\/happymusic.ch\/index.php\/wp-json\/wp\/v2\/types\/page"}],"author":[{"embeddable":true,"href":"https:\/\/happymusic.ch\/index.php\/wp-json\/wp\/v2\/users\/1"}],"replies":[{"embeddable":true,"href":"https:\/\/happymusic.ch\/index.php\/wp-json\/wp\/v2\/comments?post=622"}],"version-history":[{"count":8,"href":"https:\/\/happymusic.ch\/index.php\/wp-json\/wp\/v2\/pages\/622\/revisions"}],"predecessor-version":[{"id":662,"href":"https:\/\/happymusic.ch\/index.php\/wp-json\/wp\/v2\/pages\/622\/revisions\/662"}],"wp:attachment":[{"href":"https:\/\/happymusic.ch\/index.php\/wp-json\/wp\/v2\/media?parent=622"}],"curies":[{"name":"wp","href":"https:\/\/api.w.org\/{rel}","templated":true}]}}