{"id":648,"date":"2020-05-18T09:14:39","date_gmt":"2020-05-18T09:14:39","guid":{"rendered":"https:\/\/happymusic.ch\/?page_id=648"},"modified":"2020-05-18T09:14:39","modified_gmt":"2020-05-18T09:14:39","slug":"carpe-notas-chronologie","status":"publish","type":"page","link":"https:\/\/happymusic.ch\/index.php\/carpe-notas-chronologie\/","title":{"rendered":"Carpe Notas, chronologie"},"content":{"rendered":"\n<div class=\"wp-block-image\"><figure class=\"alignright is-resized\"><img loading=\"lazy\" decoding=\"async\" src=\"https:\/\/happymusic.ch\/wp-content\/uploads\/2020\/04\/Carpenotas-giallo-verde.jpg\" alt=\"\" class=\"wp-image-589\" width=\"342\" height=\"100\" srcset=\"https:\/\/happymusic.ch\/wp-content\/uploads\/2020\/04\/Carpenotas-giallo-verde.jpg 723w, https:\/\/happymusic.ch\/wp-content\/uploads\/2020\/04\/Carpenotas-giallo-verde-300x88.jpg 300w, https:\/\/happymusic.ch\/wp-content\/uploads\/2020\/04\/Carpenotas-giallo-verde-660x194.jpg 660w\" sizes=\"auto, (max-width: 342px) 100vw, 342px\" \/><figcaption><a href=\"https:\/\/happymusic.ch\/index.php\/carpe-notas-methode-pour-lire-la-musique\/\">Carpe Notas FR<\/a><\/figcaption><\/figure><\/div>\n\n\n\n<p>La m\u00e9thode Carpe Notas s&#8217;inspire des m\u00e9thodes d&#8217;enseignement d&#8217;autres disciplines, telles que les math\u00e9matiques les plus \u00e9l\u00e9mentaires et la langue \u00e9crite, domaines qui ont \u00e9t\u00e9 explor\u00e9s du point de vue p\u00e9dagogique et didactique beaucoup plus que la musique. Un pilier cl\u00e9 dans le d\u00e9veloppement de Carpe Notas \u00e9tait \u00e9galement le volume \u201cL&#8217;apprentissage de l&#8217;abstraction\u201d de Britt-Mari Barth.<\/p>\n\n\n\n<div class=\"wp-block-image\"><figure class=\"alignleft is-resized\"><img loading=\"lazy\" decoding=\"async\" src=\"https:\/\/happymusic.ch\/wp-content\/uploads\/2020\/05\/storiacarpe2-1024x725.jpg\" alt=\"\" class=\"wp-image-635\" width=\"382\" height=\"270\" srcset=\"https:\/\/happymusic.ch\/wp-content\/uploads\/2020\/05\/storiacarpe2-1024x725.jpg 1024w, https:\/\/happymusic.ch\/wp-content\/uploads\/2020\/05\/storiacarpe2-300x212.jpg 300w, https:\/\/happymusic.ch\/wp-content\/uploads\/2020\/05\/storiacarpe2-768x544.jpg 768w, https:\/\/happymusic.ch\/wp-content\/uploads\/2020\/05\/storiacarpe2-660x467.jpg 660w, https:\/\/happymusic.ch\/wp-content\/uploads\/2020\/05\/storiacarpe2-200x140.jpg 200w, https:\/\/happymusic.ch\/wp-content\/uploads\/2020\/05\/storiacarpe2.jpg 1911w\" sizes=\"auto, (max-width: 382px) 100vw, 382px\" \/><figcaption>Fl\u00e8ches pour l&#8217;entrainement de la s\u00e9quence (2003)<\/figcaption><\/figure><\/div>\n\n\n\n<p>Depuis le d\u00e9but la s\u00e9quence des notes a \u00e9t\u00e9 le point central: les premi\u00e8res exp\u00e9riences ont montr\u00e9 que cette s\u00e9quence est plus difficile \u00e0 apprendre autant plus que les enseignantes la consid\u00e8rent facile et \u00e9vidente. La deuxi\u00e8me observation a concern\u00e9 les progr\u00e8s inattendus d&#8217;une certaine cat\u00e9gorie d&#8217;\u00e9l\u00e8ves pour ainsi dire apathiques ou d\u00e9sint\u00e9ress\u00e9s, qui en r\u00e9alit\u00e9 \u00e9taient victimes d&#8217;un syst\u00e8me inad\u00e9quat plus qu&#8217;une attitude  n\u00e9gative.<\/p>\n\n\n\n<p>La premi\u00e8re version de m\u00e9thode de solf\u00e8ge remonte \u00e0 1998. Les caract\u00e9ristiques de base: exercices bas\u00e9s sur la s\u00e9quence et une taxinomie correcte des arguments rythmiques, ainsi que la diff\u00e9renciation des cl\u00e9s et des extensions, pour permettre aux \u00e9l\u00e8ves d&#8217;entrainer la lecture de fa\u00e7on utile \u00e0 l&#8217;apprentissage chacun de son instrument.<\/p>\n\n\n\n<div class=\"wp-block-image\"><figure class=\"alignleft is-resized\"><img loading=\"lazy\" decoding=\"async\" src=\"https:\/\/happymusic.ch\/wp-content\/uploads\/2020\/05\/storiacarpe4-1024x682.jpg\" alt=\"\" class=\"wp-image-637\" width=\"331\" height=\"220\" srcset=\"https:\/\/happymusic.ch\/wp-content\/uploads\/2020\/05\/storiacarpe4-1024x682.jpg 1024w, https:\/\/happymusic.ch\/wp-content\/uploads\/2020\/05\/storiacarpe4-300x200.jpg 300w, https:\/\/happymusic.ch\/wp-content\/uploads\/2020\/05\/storiacarpe4-768x511.jpg 768w, https:\/\/happymusic.ch\/wp-content\/uploads\/2020\/05\/storiacarpe4-660x439.jpg 660w\" sizes=\"auto, (max-width: 331px) 100vw, 331px\" \/><figcaption>Une t\u00eate de note stylis\u00e9e est ajout\u00e9e aux fl\u00e8ches (2010)<\/figcaption><\/figure><\/div>\n\n\n\n<p>Apr\u00e8s cinq ans d&#8217;utilisation, la m\u00e9thode a \u00e9t\u00e9 r\u00e9vis\u00e9e une premi\u00e8re fois: une introduction a \u00e9t\u00e9 ajout\u00e9e, avec des exercices et des jeux sur la s\u00e9quence de base. De plus le nombre d&#8217;exercices a \u00e9t\u00e9 r\u00e9gl\u00e9 par rapport aux diff\u00e9rents arguments. Ceux-ci ont \u00e9t\u00e9 divis\u00e9s sur quatre ann\u00e9es, et la diff\u00e9renciation des extensions et des cl\u00e9s ont \u00e9t\u00e9 am\u00e9lior\u00e9s. Ces livrets de solf\u00e8ge sont maintenant disponibles sur Amazon.<\/p>\n\n\n\n<figure class=\"wp-block-image\"><img loading=\"lazy\" decoding=\"async\" width=\"1024\" height=\"670\" src=\"https:\/\/happymusic.ch\/wp-content\/uploads\/2020\/02\/Coloripercopertina3-1024x670.jpg\" alt=\"\" class=\"wp-image-533\" srcset=\"https:\/\/happymusic.ch\/wp-content\/uploads\/2020\/02\/Coloripercopertina3-1024x670.jpg 1024w, https:\/\/happymusic.ch\/wp-content\/uploads\/2020\/02\/Coloripercopertina3-300x196.jpg 300w, https:\/\/happymusic.ch\/wp-content\/uploads\/2020\/02\/Coloripercopertina3-768x503.jpg 768w, https:\/\/happymusic.ch\/wp-content\/uploads\/2020\/02\/Coloripercopertina3-660x432.jpg 660w\" sizes=\"auto, (max-width: 1024px) 100vw, 1024px\" \/><figcaption><a href=\"https:\/\/happymusic.ch\/index.php\/2020\/02\/12\/solfeggio\/\">Sch\u00e9ma des livrets de solf\u00e8ge<\/a><\/figcaption><\/figure>\n\n\n\n<div class=\"wp-block-image\"><figure class=\"alignright is-resized\"><img loading=\"lazy\" decoding=\"async\" src=\"https:\/\/happymusic.ch\/wp-content\/uploads\/2020\/05\/storiacarpe3-1024x960.jpg\" alt=\"\" class=\"wp-image-636\" width=\"359\" height=\"336\" srcset=\"https:\/\/happymusic.ch\/wp-content\/uploads\/2020\/05\/storiacarpe3-1024x960.jpg 1024w, https:\/\/happymusic.ch\/wp-content\/uploads\/2020\/05\/storiacarpe3-300x281.jpg 300w, https:\/\/happymusic.ch\/wp-content\/uploads\/2020\/05\/storiacarpe3-768x720.jpg 768w, https:\/\/happymusic.ch\/wp-content\/uploads\/2020\/05\/storiacarpe3-660x619.jpg 660w\" sizes=\"auto, (max-width: 359px) 100vw, 359px\" \/><\/figure><\/div>\n\n\n\n<p>Une troisi\u00e8me \u00e9tape dans le d\u00e9veloppement de la m\u00e9thode a \u00e9t\u00e9 le volume \u201cCapitan Recorder e il Solphyllus Soniferus\u201d.\nL&#8217; apprentissage de notes y est pr\u00e9sent\u00e9 en forme d&#8217;une histoire qui donne une interpr\u00e9tation suppl\u00e9mentaire aux r\u00e8gles de la notation musicale. Les \u00e9l\u00e8ves ont re\u00e7u le volume avec int\u00e9r\u00eat mais l&#8217;histoire prend beaucoup de temps et les le\u00e7ons de musique n&#8217;en ont jamais pas assez&#8230;Ce serait un excellent outil pour une approche interdisciplinaire, mais c&#8217;est de la musique hypoth\u00e9tique&#8230;<\/p>\n\n\n\n<div class=\"wp-block-image\"><figure class=\"alignleft is-resized\"><img loading=\"lazy\" decoding=\"async\" src=\"https:\/\/happymusic.ch\/wp-content\/uploads\/2020\/05\/StoriaCarpe5.png\" alt=\"\" class=\"wp-image-638\" width=\"358\" height=\"244\" srcset=\"https:\/\/happymusic.ch\/wp-content\/uploads\/2020\/05\/StoriaCarpe5.png 681w, https:\/\/happymusic.ch\/wp-content\/uploads\/2020\/05\/StoriaCarpe5-300x205.png 300w, https:\/\/happymusic.ch\/wp-content\/uploads\/2020\/05\/StoriaCarpe5-660x451.png 660w\" sizes=\"auto, (max-width: 358px) 100vw, 358px\" \/><figcaption>Les fl\u00e8ches verticales sont plus claires (2020)<\/figcaption><\/figure><\/div>\n\n\n\n<p>Enfin nous arrivons \u00e0 Carpe Notas&nbsp;: les exercices sur la s\u00e9quence ont \u00e9t\u00e9 optimis\u00e9s en trois variantes&nbsp;: \u00e9crits, parl\u00e9s, en rythme. Les exercices d&#8217;\u00e9coute assurent un lien correct entre la signification des notes et le son, les exercices sur les patterns avec des tierces favorisent le passage \u00e0 une lecture des notes s\u00fbre et fiable.<\/p>\n","protected":false},"excerpt":{"rendered":"<p>La m\u00e9thode Carpe Notas s&#8217;inspire des m\u00e9thodes d&#8217;enseignement d&#8217;autres disciplines, telles que les math\u00e9matiques les plus \u00e9l\u00e9mentaires et la langue \u00e9crite, domaines qui ont \u00e9t\u00e9 explor\u00e9s du point de vue p\u00e9dagogique et didactique beaucoup plus que la musique. Un pilier cl\u00e9 dans le d\u00e9veloppement de Carpe Notas \u00e9tait \u00e9galement le volume \u201cL&#8217;apprentissage de l&#8217;abstraction\u201d de\u2026 <span class=\"read-more\"><a href=\"https:\/\/happymusic.ch\/index.php\/carpe-notas-chronologie\/\">Leggi tutto &raquo;<\/a><\/span><\/p>\n","protected":false},"author":1,"featured_media":0,"parent":0,"menu_order":0,"comment_status":"closed","ping_status":"closed","template":"","meta":{"footnotes":""},"class_list":["post-648","page","type-page","status-publish","hentry"],"_links":{"self":[{"href":"https:\/\/happymusic.ch\/index.php\/wp-json\/wp\/v2\/pages\/648","targetHints":{"allow":["GET"]}}],"collection":[{"href":"https:\/\/happymusic.ch\/index.php\/wp-json\/wp\/v2\/pages"}],"about":[{"href":"https:\/\/happymusic.ch\/index.php\/wp-json\/wp\/v2\/types\/page"}],"author":[{"embeddable":true,"href":"https:\/\/happymusic.ch\/index.php\/wp-json\/wp\/v2\/users\/1"}],"replies":[{"embeddable":true,"href":"https:\/\/happymusic.ch\/index.php\/wp-json\/wp\/v2\/comments?post=648"}],"version-history":[{"count":3,"href":"https:\/\/happymusic.ch\/index.php\/wp-json\/wp\/v2\/pages\/648\/revisions"}],"predecessor-version":[{"id":651,"href":"https:\/\/happymusic.ch\/index.php\/wp-json\/wp\/v2\/pages\/648\/revisions\/651"}],"wp:attachment":[{"href":"https:\/\/happymusic.ch\/index.php\/wp-json\/wp\/v2\/media?parent=648"}],"curies":[{"name":"wp","href":"https:\/\/api.w.org\/{rel}","templated":true}]}}