{"id":866,"date":"2023-03-25T16:24:59","date_gmt":"2023-03-25T16:24:59","guid":{"rendered":"https:\/\/happymusic.ch\/?page_id=866"},"modified":"2024-06-11T15:44:00","modified_gmt":"2024-06-11T15:44:00","slug":"chi-ha-rubato-la-tromba-doro","status":"publish","type":"page","link":"https:\/\/happymusic.ch\/index.php\/chi-ha-rubato-la-tromba-doro\/","title":{"rendered":"Chi ha rubato la tromba d&#8217;oro?"},"content":{"rendered":"\n<h3 class=\"wp-block-heading\">Cornice narrativa<\/h3>\n\n\n\n<p>Un misterioso ladro ha rubato dal museo nazionale una preziosissima tromba d&#8217;oro incastonata di gioielli.<\/p>\n\n\n\n<p>Mentre il ladro scappava inseguito dalle guardie, il suo telefonino ha suonato l&#8217;inno della banda municipale.<\/p>\n\n\n\n<p>Solo i suonatori della banda hanno quella suoneria sul telefonino, una suoneria personalizzata con il suono del proprio strumento, quindi il ladro non pu\u00f2 essere che uno di loro. Le guardie non conoscono bene gli strumenti, ma ognuna di loro ha descritto a modo suo il suono sentito. La polizia ritiene di poter risalire al ladro riconoscendo lo strumento musicale suonato. Purtroppo l&#8217;aiutante ispettore, nel tentativo di scoprire subito il colpevole, ha fatto sentire alle guardie tutti gli strumenti assieme, confondendo loro le idee. Tutti i suonatori hanno un alibi per la sera del furto ma naturalmente uno di loro mente.<\/p>\n\n\n\n<p>L&#8217;ispettore della polizia decide quindi di prendere come riferimento le primissime descrizioni del suono date dalle guardie, per risalire con un metodo logico-scientifico allo strumento giusto ascoltandoli con attenzione uno per volta. Per far ci\u00f2 bisogna far sentire ad un gran numero di persone i vari strumenti, e far dire ad ognuno in che misura ciascuno strumento si avvicina alle descrizioni date.<\/p>\n\n\n\n<p>La media di tutte le risposte fornir\u00e0 il colpevole.<\/p>\n\n\n\n<h3 class=\"wp-block-heading\">Svolgimento<\/h3>\n\n\n\n<p>All&#8217;entrata dello spettacolo gli spettatori ricevono un opuscolo cartaceo (vedi allegato). Lo spettacolo comincia con l&#8217;esecuzione di un&#8217;ouverture composta dall&#8217;inno della banda municipale, una sezione misteriosa e imprevedibile che rappresenta il furto e una sezione vivace che rappresenta l&#8217;inseguimento del ladro da parte delle guardie. Alla fine dell&#8217;ouverture entra in scena l&#8217;ispettore che spiega il contesto, e lo svolgimento delle indagini. Queste si svolgono secondo lo schema: breve presentazione di uno strumento (nome e alcune informazioni), brano musicale in cui lo strumento in questione riveste un ruolo solistico, momento guidato in cui il pubblico annota sul suo opuscolo le proprie valutazioni. Dopo aver passato in rassegna i vari strumenti si raccolgono e si sommano i dati del pubblico. Durante questo momento l&#8217;ensemble musicale si esibisce al completo. Poi l&#8217;ispettore comunica i risultati, perquisisce il sospetto e trova la tromba d&#8217;oro rubata. Lo spettacolo finisce con un ultimo brano d&#8217;assieme.<\/p>\n\n\n\n<figure class=\"wp-block-embed is-type-video is-provider-youtube wp-block-embed-youtube wp-embed-aspect-16-9 wp-has-aspect-ratio\"><div class=\"wp-block-embed__wrapper\">\n<iframe loading=\"lazy\" title=\"Chi ha rubato la tromba d&#039;oro? by Ernesto Felice\" width=\"665\" height=\"374\" src=\"https:\/\/www.youtube.com\/embed\/3y_9u1AjXUU?feature=oembed\" frameborder=\"0\" allow=\"accelerometer; autoplay; clipboard-write; encrypted-media; gyroscope; picture-in-picture; web-share\" referrerpolicy=\"strict-origin-when-cross-origin\" allowfullscreen><\/iframe>\n<\/div><\/figure>\n\n\n\n<p class=\"has-text-align-left\"><strong>Spettacolo musicale e teatrale interattivo<\/strong>, realizzato in collaborazione con la febati, federazione bandistica ticinese. La prima si \u00e8 tenuta ad Olivone il 6 luglio 2023. Testo e musica di Ernesto Felice, durata 50Si tratta di uno spettacolo musicale e teatrale in cui un&#8217;ispettore di polizia cerca tra i suonatori di un complesso bandistico l&#8217;autore del furto di una tromba d&#8217;oro. Vengono presentati vari brani scritti appositamente e tra un brano e l&#8217;altro il pubblico aiuta l&#8217;ispettore a stabilire se i vari strumenti corrispondono o meno alle descrizioni date dai testimoni del furto. Alla fine dello spettacolo il colpevole viene scoperto.<\/p>\n\n\n\n<div class=\"wp-block-group is-nowrap is-layout-flex wp-container-core-group-is-layout-1 wp-block-group-is-layout-flex\">\n<p><\/p>\n\n\n\n<div class=\"wp-block-columns is-layout-flex wp-container-core-columns-is-layout-1 wp-block-columns-is-layout-flex\">\n<div class=\"wp-block-column is-layout-flow wp-block-column-is-layout-flow\">\n<figure class=\"wp-block-image size-full is-resized\"><img loading=\"lazy\" decoding=\"async\" src=\"https:\/\/happymusic.ch\/wp-content\/uploads\/2023\/03\/Tromba-doro-per-sito.jpg\" alt=\"\" class=\"wp-image-867\" width=\"378\" height=\"247\" srcset=\"https:\/\/happymusic.ch\/wp-content\/uploads\/2023\/03\/Tromba-doro-per-sito.jpg 395w, https:\/\/happymusic.ch\/wp-content\/uploads\/2023\/03\/Tromba-doro-per-sito-300x196.jpg 300w\" sizes=\"auto, (max-width: 378px) 100vw, 378px\" \/><figcaption>Con il permesso di:<br>\u00a9 Klingendes Museum Bern, Fotograf: Michael Bunschi&nbsp;<\/figcaption><\/figure>\n<\/div>\n<\/div>\n\n\n\n<div class=\"wp-block-columns is-layout-flex wp-container-core-columns-is-layout-2 wp-block-columns-is-layout-flex\">\n<div class=\"wp-block-column is-layout-flow wp-block-column-is-layout-flow\"><\/div>\n<\/div>\n<\/div>\n\n\n\n<p><strong>I brani musicali:<\/strong><\/p>\n\n\n\n<figure class=\"wp-block-audio\"><audio controls src=\"https:\/\/happymusic.ch\/wp-content\/uploads\/2023\/12\/1.MusicaMaestro.mp3\"><\/audio><figcaption>1. Musica Maestro<\/figcaption><\/figure>\n\n\n\n<figure class=\"wp-block-audio\"><audio controls src=\"https:\/\/happymusic.ch\/wp-content\/uploads\/2023\/12\/2.IrresistibileDanza.mp3\"><\/audio><figcaption>2. Danza Irresistibile &#8211; Flauto solista<\/figcaption><\/figure>\n\n\n\n<figure class=\"wp-block-audio\"><audio controls src=\"https:\/\/happymusic.ch\/wp-content\/uploads\/2023\/12\/3.Alma-gitana-Trumpet.mp3\"><\/audio><figcaption>3.Alma Gitana &#8211; Tromba solista<\/figcaption><\/figure>\n\n\n\n<figure class=\"wp-block-audio\"><audio controls src=\"https:\/\/happymusic.ch\/wp-content\/uploads\/2023\/12\/4.PromenadeClarinet.mp3\"><\/audio><figcaption>4. Passeggiata mattutina &#8211; Morning Walk &#8211; Clarinetto solista<\/figcaption><\/figure>\n\n\n\n<figure class=\"wp-block-audio\"><audio controls src=\"https:\/\/happymusic.ch\/wp-content\/uploads\/2023\/12\/5.HornSummerRomance.mp3\"><\/audio><figcaption>5. Romanza d&#8217;estate &#8211; Summer Romance &#8211; Corno &#8211; French Horn<\/figcaption><\/figure>\n\n\n\n<figure class=\"wp-block-audio\"><audio controls src=\"https:\/\/happymusic.ch\/wp-content\/uploads\/2023\/12\/6.Tuba-rock.mp3\"><\/audio><figcaption>6. Tuba Energy &#8211; Tuba solista<\/figcaption><\/figure>\n\n\n\n<figure class=\"wp-block-audio\"><audio controls src=\"https:\/\/happymusic.ch\/wp-content\/uploads\/2023\/12\/7.Mercoledi-sax.mp3\"><\/audio><figcaption>7. Mercoled\u00ec Mattina- Sax solista<\/figcaption><\/figure>\n\n\n\n<figure class=\"wp-block-audio\"><audio controls src=\"https:\/\/happymusic.ch\/wp-content\/uploads\/2023\/12\/8.TromboneWalk.mp3\"><\/audio><figcaption>8. Trombone Country Walk<\/figcaption><\/figure>\n\n\n\n<h3 class=\"wp-block-heading\">Presentazione<\/h3>\n\n\n\n<p>Questo progetto \u00e8 volto alla realizzazione di uno spettacolo musicale e teatrale dai molteplici scopi: il primo \u00e8 quello di proporre l&#8217;ascolto di musica originale, di carattere gioioso e positivo, che riprende elementi tradizionali rielaborandoli in chiave attuale. La musica resta volutamente di facile accesso, per privilegiare una fruibilit\u00e0 di bassa soglia per un pubblico vario, in modo da facilitare il raggiungimento anche del secondo scopo, che \u00e8 quello di far meglio conoscere gli strumenti musicali a fiato. Questo avviene pi\u00f9 nel particolare tramite la cornice narrativa, su cui si basa sia la parte recitata che la strumentazione dei brani che compongono lo spettacolo.<\/p>\n\n\n\n<h3 class=\"wp-block-heading\">Bozza dell&#8217;opuscolo per gli spettatori<\/h3>\n\n\n\n<div class=\"wp-block-columns is-layout-flex wp-container-core-columns-is-layout-3 wp-block-columns-is-layout-flex\">\n<div class=\"wp-block-column is-layout-flow wp-block-column-is-layout-flow\">\n<figure class=\"wp-block-image size-large is-resized\"><img loading=\"lazy\" decoding=\"async\" src=\"https:\/\/happymusic.ch\/wp-content\/uploads\/2023\/03\/image-829x1024.png\" alt=\"\" class=\"wp-image-871\" width=\"349\" height=\"430\" srcset=\"https:\/\/happymusic.ch\/wp-content\/uploads\/2023\/03\/image-829x1024.png 829w, https:\/\/happymusic.ch\/wp-content\/uploads\/2023\/03\/image-243x300.png 243w, https:\/\/happymusic.ch\/wp-content\/uploads\/2023\/03\/image-768x949.png 768w, https:\/\/happymusic.ch\/wp-content\/uploads\/2023\/03\/image-1244x1536.png 1244w, https:\/\/happymusic.ch\/wp-content\/uploads\/2023\/03\/image-660x815.png 660w, https:\/\/happymusic.ch\/wp-content\/uploads\/2023\/03\/image.png 1569w\" sizes=\"auto, (max-width: 349px) 100vw, 349px\" \/><\/figure>\n<\/div>\n\n\n\n<div class=\"wp-block-column is-layout-flow wp-block-column-is-layout-flow\">\n<p><em>Prima pagina: la cornice narrativa \u00e8 presentata in forma di articolo di giornale. La lettura dell&#8217;articolo pu\u00f2 anche essere svolta nell&#8217;attesa dello spettacolo.<\/em><\/p>\n<\/div>\n<\/div>\n\n\n\n<figure class=\"wp-block-image size-large is-resized\"><img loading=\"lazy\" decoding=\"async\" src=\"https:\/\/happymusic.ch\/wp-content\/uploads\/2023\/03\/image-1-1024x724.png\" alt=\"\" class=\"wp-image-872\" width=\"744\" height=\"526\" srcset=\"https:\/\/happymusic.ch\/wp-content\/uploads\/2023\/03\/image-1-1024x724.png 1024w, https:\/\/happymusic.ch\/wp-content\/uploads\/2023\/03\/image-1-300x212.png 300w, https:\/\/happymusic.ch\/wp-content\/uploads\/2023\/03\/image-1-768x543.png 768w, https:\/\/happymusic.ch\/wp-content\/uploads\/2023\/03\/image-1-1536x1085.png 1536w, https:\/\/happymusic.ch\/wp-content\/uploads\/2023\/03\/image-1-2048x1447.png 2048w, https:\/\/happymusic.ch\/wp-content\/uploads\/2023\/03\/image-1-660x466.png 660w, https:\/\/happymusic.ch\/wp-content\/uploads\/2023\/03\/image-1-200x140.png 200w\" sizes=\"auto, (max-width: 744px) 100vw, 744px\" \/><figcaption><em>Le due pagine interne si presentano come dei formulari ufficiali della polizia, accompagnati dalle immagini dei vari strumenti.<\/em><\/figcaption><\/figure>\n\n\n\n<p><em>Completa l&#8217;opuscolo una pagina di presentazione del o degli enti che sostengono l&#8217;attivit\u00e0. Questa pagina viene aggiornata e personalizzata di volta in volta. Gli spettatori ricevono inoltre una piccola scheda su cui marcheranno il loro risultato. Questa scheda verr\u00e0 consegnata all&#8217;ispettore durante lo spettacolo.<\/em><\/p>\n\n\n\n<h3 class=\"wp-block-heading\">Realizzazione<\/h3>\n\n\n\n<p>\u00a9&nbsp;2023 associazione Indiano volante \u2013 Moghegno 11.1.2023<\/p>\n\n\n\n<p>Associazione Indiano volante<\/p>\n\n\n\n<p>La Caraa d la Gesgia 1<\/p>\n\n\n\n<p>6677 Moghegno<\/p>\n\n\n\n<p>091 826 46 91<\/p>\n\n\n\n<p>e.felice@bluewin.ch &#8211; animatore culturale &#8211; compositore<\/p>\n\n\n\n<p>amalia@happymusic.ch &#8211; segretariato<\/p>\n\n\n\n<p><\/p>\n","protected":false},"excerpt":{"rendered":"<p>Cornice narrativa Un misterioso ladro ha rubato dal museo nazionale una preziosissima tromba d&#8217;oro incastonata di gioielli. Mentre il ladro scappava inseguito dalle guardie, il suo telefonino ha suonato l&#8217;inno della banda municipale. Solo i suonatori della banda hanno quella suoneria sul telefonino, una suoneria personalizzata con il suono del proprio strumento, quindi il ladro\u2026 <span class=\"read-more\"><a href=\"https:\/\/happymusic.ch\/index.php\/chi-ha-rubato-la-tromba-doro\/\">Leggi tutto &raquo;<\/a><\/span><\/p>\n","protected":false},"author":1,"featured_media":867,"parent":0,"menu_order":0,"comment_status":"closed","ping_status":"closed","template":"","meta":{"footnotes":""},"class_list":["post-866","page","type-page","status-publish","has-post-thumbnail","hentry"],"_links":{"self":[{"href":"https:\/\/happymusic.ch\/index.php\/wp-json\/wp\/v2\/pages\/866","targetHints":{"allow":["GET"]}}],"collection":[{"href":"https:\/\/happymusic.ch\/index.php\/wp-json\/wp\/v2\/pages"}],"about":[{"href":"https:\/\/happymusic.ch\/index.php\/wp-json\/wp\/v2\/types\/page"}],"author":[{"embeddable":true,"href":"https:\/\/happymusic.ch\/index.php\/wp-json\/wp\/v2\/users\/1"}],"replies":[{"embeddable":true,"href":"https:\/\/happymusic.ch\/index.php\/wp-json\/wp\/v2\/comments?post=866"}],"version-history":[{"count":11,"href":"https:\/\/happymusic.ch\/index.php\/wp-json\/wp\/v2\/pages\/866\/revisions"}],"predecessor-version":[{"id":964,"href":"https:\/\/happymusic.ch\/index.php\/wp-json\/wp\/v2\/pages\/866\/revisions\/964"}],"wp:featuredmedia":[{"embeddable":true,"href":"https:\/\/happymusic.ch\/index.php\/wp-json\/wp\/v2\/media\/867"}],"wp:attachment":[{"href":"https:\/\/happymusic.ch\/index.php\/wp-json\/wp\/v2\/media?parent=866"}],"curies":[{"name":"wp","href":"https:\/\/api.w.org\/{rel}","templated":true}]}}